{"id":24,"date":"2025-11-24T13:25:07","date_gmt":"2025-11-24T13:25:07","guid":{"rendered":"https:\/\/fitforbetteryou.fi\/?page_id=24"},"modified":"2026-03-23T14:48:25","modified_gmt":"2026-03-23T14:48:25","slug":"valmennukset","status":"publish","type":"page","link":"https:\/\/fitforbetteryou.fi\/en\/valmennukset\/","title":{"rendered":"Coaching Programs"},"content":{"rendered":"<div data-elementor-type=\"wp-page\" data-elementor-id=\"24\" class=\"elementor elementor-24\" data-elementor-post-type=\"page\">\n\t\t\t\t<div class=\"elementor-element elementor-element-7e39b33 e-flex e-con-boxed e-con e-parent\" data-id=\"7e39b33\" data-element_type=\"container\" data-e-type=\"container\" data-settings=\"{&quot;background_background&quot;:&quot;classic&quot;}\">\n\t\t\t\t\t<div class=\"e-con-inner\">\n\t\t\t\t<div class=\"elementor-element elementor-element-cc7d75a elementor-widget elementor-widget-heading\" data-id=\"cc7d75a\" data-element_type=\"widget\" data-e-type=\"widget\" data-widget_type=\"heading.default\">\n\t\t\t\t\t<h2 class=\"elementor-heading-title elementor-size-default\">Coaching Programs<\/h2>\t\t\t\t<\/div>\n\t\t<div class=\"elementor-element elementor-element-48b9a3f e-con-full e-flex e-con e-child\" data-id=\"48b9a3f\" data-element_type=\"container\" data-e-type=\"container\">\n\t\t\t\t<\/div>\n\t\t\t\t\t<\/div>\n\t\t\t\t<\/div>\n\t\t<div class=\"elementor-element elementor-element-5cfdef3 e-flex e-con-boxed e-con e-parent\" data-id=\"5cfdef3\" data-element_type=\"container\" data-e-type=\"container\" data-settings=\"{&quot;background_background&quot;:&quot;classic&quot;}\">\n\t\t\t\t\t<div class=\"e-con-inner\">\n\t\t\t\t<div class=\"elementor-element elementor-element-603f244 elementor-product-loop-item--align-left elementor-grid-4 elementor-grid-tablet-3 elementor-grid-mobile-2 elementor-products-grid elementor-wc-products elementor-widget elementor-widget-woocommerce-products\" data-id=\"603f244\" data-element_type=\"widget\" data-e-type=\"widget\" data-widget_type=\"woocommerce-products.default\">\n\t\t\t\t<div class=\"elementor-widget-container\">\n\t\t\t\t\t<div class=\"woocommerce columns-4\"><ul class=\"products elementor-grid columns-4\" data-products=\"type-1\">\n<li class=\"product type-product post-1569 status-publish first instock product_cat-muut has-post-thumbnail virtual purchasable product-type-simple\">\n\t<a href=\"https:\/\/fitforbetteryou.fi\/en\/product\/kertaohjaus\/\" class=\"woocommerce-LoopProduct-link woocommerce-loop-product__link\"><img fetchpriority=\"high\" decoding=\"async\" width=\"300\" height=\"300\" src=\"https:\/\/fitforbetteryou.fi\/wp-content\/uploads\/2026\/02\/f6a3c2a1-1e75-4306-bf0a-19ea9244fbf5-300x300.jpg\" class=\"attachment-woocommerce_thumbnail size-woocommerce_thumbnail\" alt=\"Kertaohjaus\" srcset=\"https:\/\/fitforbetteryou.fi\/wp-content\/uploads\/2026\/02\/f6a3c2a1-1e75-4306-bf0a-19ea9244fbf5-300x300.jpg 300w, https:\/\/fitforbetteryou.fi\/wp-content\/uploads\/2026\/02\/f6a3c2a1-1e75-4306-bf0a-19ea9244fbf5-150x150.jpg 150w, https:\/\/fitforbetteryou.fi\/wp-content\/uploads\/2026\/02\/f6a3c2a1-1e75-4306-bf0a-19ea9244fbf5-500x500.jpg 500w, https:\/\/fitforbetteryou.fi\/wp-content\/uploads\/2026\/02\/f6a3c2a1-1e75-4306-bf0a-19ea9244fbf5-100x100.jpg 100w\" sizes=\"(max-width: 300px) 100vw, 300px\" \/><h2 class=\"woocommerce-loop-product__title\">One-off PT session<\/h2>\n\t<span class=\"price\"><span class=\"woocommerce-Price-amount amount\"><bdi>85,00&nbsp;<span class=\"woocommerce-Price-currencySymbol\">&euro;<\/span><\/bdi><\/span><\/span>\n<\/a><div class=\"woocommerce-loop-product__buttons\"><a href=\"\/en\/wp-json\/wp\/v2\/pages\/24?add-to-cart=1569\" aria-describedby=\"woocommerce_loop_add_to_cart_link_describedby_1569\" data-quantity=\"1\" class=\"button product_type_simple add_to_cart_button ajax_add_to_cart\" data-product_id=\"1569\" data-product_sku=\"\" aria-label=\"Add to cart: \u201cKertaohjaus\u201d\" rel=\"nofollow\" data-success_message=\"\u201cKertaohjaus\u201d has been added to your cart\" role=\"button\" data-no-translation=\"\" data-trp-gettext=\"\" data-no-translation-aria-label=\"\" data-no-translation-data-success_message=\"\">Add to cart<\/a><\/div>\t<span id=\"woocommerce_loop_add_to_cart_link_describedby_1569\" class=\"screen-reader-text\">\n\t\t\t<\/span>\n<\/li>\n<li class=\"product type-product post-1368 status-publish instock product_cat-valmiit-ohjelmapaketit has-post-thumbnail shipping-taxable purchasable product-type-simple\">\n\t<a href=\"https:\/\/fitforbetteryou.fi\/en\/product\/build-to-bloom\/\" class=\"woocommerce-LoopProduct-link woocommerce-loop-product__link\"><img decoding=\"async\" width=\"300\" height=\"300\" src=\"https:\/\/fitforbetteryou.fi\/wp-content\/uploads\/2026\/02\/fbc724fd-901b-4fa1-b377-a2e0093edae0-300x300.jpg\" class=\"attachment-woocommerce_thumbnail size-woocommerce_thumbnail\" alt=\"Build to Bloom\" srcset=\"https:\/\/fitforbetteryou.fi\/wp-content\/uploads\/2026\/02\/fbc724fd-901b-4fa1-b377-a2e0093edae0-300x300.jpg 300w, https:\/\/fitforbetteryou.fi\/wp-content\/uploads\/2026\/02\/fbc724fd-901b-4fa1-b377-a2e0093edae0-150x150.jpg 150w, https:\/\/fitforbetteryou.fi\/wp-content\/uploads\/2026\/02\/fbc724fd-901b-4fa1-b377-a2e0093edae0-500x500.jpg 500w, https:\/\/fitforbetteryou.fi\/wp-content\/uploads\/2026\/02\/fbc724fd-901b-4fa1-b377-a2e0093edae0-100x100.jpg 100w\" sizes=\"(max-width: 300px) 100vw, 300px\" \/><h2 class=\"woocommerce-loop-product__title\">Build to Bloom<\/h2>\n\t<span class=\"price\"><span class=\"woocommerce-Price-amount amount\"><bdi>24,90&nbsp;<span class=\"woocommerce-Price-currencySymbol\">&euro;<\/span><\/bdi><\/span><\/span>\n<\/a><div class=\"woocommerce-loop-product__buttons\"><a href=\"\/en\/wp-json\/wp\/v2\/pages\/24?add-to-cart=1368\" aria-describedby=\"woocommerce_loop_add_to_cart_link_describedby_1368\" data-quantity=\"1\" class=\"button product_type_simple add_to_cart_button ajax_add_to_cart\" data-product_id=\"1368\" data-product_sku=\"\" aria-label=\"Add to cart: \u201cBuild to Bloom\u201d\" rel=\"nofollow\" data-success_message=\"\u201cBuild to Bloom\u201d has been added to your cart\" role=\"button\" data-no-translation=\"\" data-trp-gettext=\"\" data-no-translation-aria-label=\"\" data-no-translation-data-success_message=\"\">Add to cart<\/a><\/div>\t<span id=\"woocommerce_loop_add_to_cart_link_describedby_1368\" class=\"screen-reader-text\">\n\t\t\t<\/span>\n<\/li>\n<li class=\"product type-product post-1219 status-publish instock product_cat-personoidut-valmennukset has-post-thumbnail sold-individually shipping-taxable purchasable product-type-variable-subscription\">\n\t<a href=\"https:\/\/fitforbetteryou.fi\/en\/product\/online-valmennus\/\" class=\"woocommerce-LoopProduct-link woocommerce-loop-product__link\"><img decoding=\"async\" width=\"300\" height=\"300\" src=\"https:\/\/fitforbetteryou.fi\/wp-content\/uploads\/2026\/01\/Nimeton-malli-e1772809590325-300x300.png\" class=\"attachment-woocommerce_thumbnail size-woocommerce_thumbnail\" alt=\"Online-valmennus\" srcset=\"https:\/\/fitforbetteryou.fi\/wp-content\/uploads\/2026\/01\/Nimeton-malli-e1772809590325-300x300.png 300w, https:\/\/fitforbetteryou.fi\/wp-content\/uploads\/2026\/01\/Nimeton-malli-e1772809590325-150x150.png 150w, https:\/\/fitforbetteryou.fi\/wp-content\/uploads\/2026\/01\/Nimeton-malli-e1772809590325-500x500.png 500w, https:\/\/fitforbetteryou.fi\/wp-content\/uploads\/2026\/01\/Nimeton-malli-e1772809590325-100x100.png 100w\" sizes=\"(max-width: 300px) 100vw, 300px\" \/><h2 class=\"woocommerce-loop-product__title\">Online Coaching<\/h2>\n\t<span class=\"price\"><span class=\"from\">From: <\/span><span class=\"woocommerce-Price-amount amount\"><bdi>48,00&nbsp;<span class=\"woocommerce-Price-currencySymbol\">&euro;<\/span><\/bdi><\/span> <span class=\"subscription-details\"> \/ kuukausi<\/span><\/span>\n<\/a><div class=\"woocommerce-loop-product__buttons\"><a class=\"button\" href=\"https:\/\/fitforbetteryou.fi\/en\/esitietokysely-online-valmennus\/\">Fill in the questionnaire<\/a><\/div>\t<span id=\"woocommerce_loop_add_to_cart_link_describedby_1219\" class=\"screen-reader-text\">\n\t\tThis product has multiple variants. The options may be chosen on the product page\t<\/span>\n<\/li>\n<li class=\"product type-product post-1218 status-publish last instock product_cat-personoidut-valmennukset has-post-thumbnail sold-individually shipping-taxable purchasable product-type-variable-subscription\">\n\t<a href=\"https:\/\/fitforbetteryou.fi\/en\/product\/lahivalmennus-personal-training\/\" class=\"woocommerce-LoopProduct-link woocommerce-loop-product__link\"><img loading=\"lazy\" decoding=\"async\" width=\"300\" height=\"300\" src=\"https:\/\/fitforbetteryou.fi\/wp-content\/uploads\/2026\/01\/1dda26af-17ae-4820-85dd-e2c18e9d4eba-300x300.jpg\" class=\"attachment-woocommerce_thumbnail size-woocommerce_thumbnail\" alt=\"Hybridivalmennus (online + l\u00e4hi)\" srcset=\"https:\/\/fitforbetteryou.fi\/wp-content\/uploads\/2026\/01\/1dda26af-17ae-4820-85dd-e2c18e9d4eba-300x300.jpg 300w, https:\/\/fitforbetteryou.fi\/wp-content\/uploads\/2026\/01\/1dda26af-17ae-4820-85dd-e2c18e9d4eba-150x150.jpg 150w, https:\/\/fitforbetteryou.fi\/wp-content\/uploads\/2026\/01\/1dda26af-17ae-4820-85dd-e2c18e9d4eba-500x500.jpg 500w, https:\/\/fitforbetteryou.fi\/wp-content\/uploads\/2026\/01\/1dda26af-17ae-4820-85dd-e2c18e9d4eba-100x100.jpg 100w\" sizes=\"(max-width: 300px) 100vw, 300px\" \/><h2 class=\"woocommerce-loop-product__title\">Hybridivalmennus (online + l\u00e4hi)<\/h2>\n\t<span class=\"price\"><span class=\"from\">From: <\/span><span class=\"woocommerce-Price-amount amount\"><bdi>109,00&nbsp;<span class=\"woocommerce-Price-currencySymbol\">&euro;<\/span><\/bdi><\/span> <span class=\"subscription-details\"> \/ kuukausi<\/span><\/span>\n<\/a><div class=\"woocommerce-loop-product__buttons\"><a class=\"button\" href=\"https:\/\/fitforbetteryou.fi\/en\/esitietokysely-lahivalmennus\/\">Fill in the questionnaire<\/a><\/div>\t<span id=\"woocommerce_loop_add_to_cart_link_describedby_1218\" class=\"screen-reader-text\">\n\t\tThis product has multiple variants. The options may be chosen on the product page\t<\/span>\n<\/li>\n<\/ul>\n<\/div>\t\t\t\t<\/div>\n\t\t\t\t<\/div>\n\t\t\t\t\t<\/div>\n\t\t\t\t<\/div>\n\t\t<div class=\"elementor-element elementor-element-c6835c7 e-flex e-con-boxed e-con e-parent\" data-id=\"c6835c7\" data-element_type=\"container\" data-e-type=\"container\">\n\t\t\t\t\t<div class=\"e-con-inner\">\n\t\t\t\t<div class=\"elementor-element elementor-element-75c8319 elementor-align-center elementor-widget elementor-widget-button\" data-id=\"75c8319\" data-element_type=\"widget\" data-e-type=\"widget\" data-widget_type=\"button.default\">\n\t\t\t\t\t\t\t\t\t\t<a class=\"elementor-button elementor-button-link elementor-size-sm\" href=\"https:\/\/fitforbetteryou.fi\/oma-tili\/\">\n\t\t\t\t\t\t<span class=\"elementor-button-content-wrapper\">\n\t\t\t\t\t\t\t\t\t<span class=\"elementor-button-text\">Rekister\u00f6idy ja t\u00e4yt\u00e4 esitietolomake!<\/span>\n\t\t\t\t\t<\/span>\n\t\t\t\t\t<\/a>\n\t\t\t\t\t\t\t\t<\/div>\n\t\t\t\t\t<\/div>\n\t\t\t\t<\/div>\n\t\t\t\t<\/div>","protected":false},"excerpt":{"rendered":"<p>Valmennukset Rekister\u00f6idy ja t\u00e4yt\u00e4 esitietolomake!<\/p>","protected":false},"author":1,"featured_media":0,"parent":0,"menu_order":0,"comment_status":"closed","ping_status":"closed","template":"elementor_header_footer","meta":{"_acf_changed":false,"_gspb_post_css":"","content-type":"","footnotes":""},"class_list":["post-24","page","type-page","status-publish","hentry"],"blocksy_meta":[],"acf":[],"jetpack_sharing_enabled":true,"_links":{"self":[{"href":"https:\/\/fitforbetteryou.fi\/en\/wp-json\/wp\/v2\/pages\/24","targetHints":{"allow":["GET"]}}],"collection":[{"href":"https:\/\/fitforbetteryou.fi\/en\/wp-json\/wp\/v2\/pages"}],"about":[{"href":"https:\/\/fitforbetteryou.fi\/en\/wp-json\/wp\/v2\/types\/page"}],"author":[{"embeddable":true,"href":"https:\/\/fitforbetteryou.fi\/en\/wp-json\/wp\/v2\/users\/1"}],"replies":[{"embeddable":true,"href":"https:\/\/fitforbetteryou.fi\/en\/wp-json\/wp\/v2\/comments?post=24"}],"version-history":[{"count":31,"href":"https:\/\/fitforbetteryou.fi\/en\/wp-json\/wp\/v2\/pages\/24\/revisions"}],"predecessor-version":[{"id":1941,"href":"https:\/\/fitforbetteryou.fi\/en\/wp-json\/wp\/v2\/pages\/24\/revisions\/1941"}],"wp:attachment":[{"href":"https:\/\/fitforbetteryou.fi\/en\/wp-json\/wp\/v2\/media?parent=24"}],"curies":[{"name":"wp","href":"https:\/\/api.w.org\/{rel}","templated":true}]}}