{"id":1572,"date":"2026-02-27T08:41:45","date_gmt":"2026-02-27T08:41:45","guid":{"rendered":"https:\/\/fitforbetteryou.fi\/?page_id=1572"},"modified":"2026-02-27T10:40:09","modified_gmt":"2026-02-27T10:40:09","slug":"tietosuojaseloste","status":"publish","type":"page","link":"https:\/\/fitforbetteryou.fi\/en\/tietosuojaseloste\/","title":{"rendered":"Privacy Policy"},"content":{"rendered":"<div data-elementor-type=\"wp-page\" data-elementor-id=\"1572\" class=\"elementor elementor-1572\" data-elementor-post-type=\"page\">\n\t\t\t\t<div class=\"elementor-element elementor-element-5d2fd1a e-flex e-con-boxed e-con e-parent\" data-id=\"5d2fd1a\" data-element_type=\"container\" data-e-type=\"container\" data-settings=\"{&quot;background_background&quot;:&quot;classic&quot;}\">\n\t\t\t\t\t<div class=\"e-con-inner\">\n\t\t\t\t<div class=\"elementor-element elementor-element-92b39ac elementor-widget elementor-widget-heading\" data-id=\"92b39ac\" data-element_type=\"widget\" data-e-type=\"widget\" data-widget_type=\"heading.default\">\n\t\t\t\t\t<h1 class=\"elementor-heading-title elementor-size-default\">Privacy Policy<\/h1>\t\t\t\t<\/div>\n\t\t\t\t<div class=\"elementor-element elementor-element-fc376d2 elementor-widget elementor-widget-heading\" data-id=\"fc376d2\" data-element_type=\"widget\" data-e-type=\"widget\" data-widget_type=\"heading.default\">\n\t\t\t\t\t<div class=\"elementor-heading-title elementor-size-default\">P\u00e4ivitetty: 26.2.2026<\/div>\t\t\t\t<\/div>\n\t\t<div class=\"elementor-element elementor-element-b011010 e-con-full e-flex e-con e-child\" data-id=\"b011010\" data-element_type=\"container\" data-e-type=\"container\">\n\t\t\t\t<\/div>\n\t\t\t\t\t<\/div>\n\t\t\t\t<\/div>\n\t\t<div class=\"elementor-element elementor-element-910e190 e-flex e-con-boxed e-con e-parent\" data-id=\"910e190\" data-element_type=\"container\" data-e-type=\"container\" data-settings=\"{&quot;background_background&quot;:&quot;classic&quot;}\">\n\t\t\t\t\t<div class=\"e-con-inner\">\n\t\t\t\t<div class=\"elementor-element elementor-element-35757d8 elementor-widget elementor-widget-text-editor\" data-id=\"35757d8\" data-element_type=\"widget\" data-e-type=\"widget\" data-widget_type=\"text-editor.default\">\n\t\t\t\t\t\t\t\t\t<h2>1. Rekisterinpit\u00e4j\u00e4<\/h2><p>Fit4BetterYou<br \/>Business ID: 3587827-8<br \/>S\u00e4hk\u00f6posti: <a href=\"mailto:valmennukset@fitforbetteryou.fi\" target=\"_blank\" rel=\"noopener noreferrer\" aria-haspopup=\"menu\">valmennukset@fitforbetteryou.fi<\/a><\/p><h2>2. Ker\u00e4tt\u00e4v\u00e4t henkil\u00f6tiedot<\/h2><p>Ker\u00e4\u00e4mme seuraavia henkil\u00f6tietoja:<\/p><ul><li>Name<\/li><li>S\u00e4hk\u00f6postiosoite<\/li><li>Puhelinnumero (tarvittaessa)<\/li><li>Laskutustiedot<\/li><li>Maksutiedot (maksunv\u00e4litt\u00e4j\u00e4n kautta)<\/li><li>Ostohistoria<\/li><li>Valmennukseen liittyv\u00e4t tiedot (esim. tavoitteet, harjoittelutausta)<\/li><li>Mahdolliset asiakkaan itse toimittamat terveystiedot (esim. paino, ruokavalio, treenidata)<\/li><li>IP-osoite ja ev\u00e4steiden kautta ker\u00e4tt\u00e4v\u00e4t tekniset tiedot<\/li><\/ul><h2>3. Henkil\u00f6tietojen k\u00e4ytt\u00f6tarkoitus<\/h2><p>Tietoja k\u00e4ytet\u00e4\u00e4n:<\/p><ul><li>Valmennuspalveluiden toteuttamiseen<\/li><li>Asiakassuhteen hoitoon<\/li><li>Laskutukseen ja maksujen k\u00e4sittelyyn<\/li><li>Asiakasviestint\u00e4\u00e4n<\/li><li>Palvelun kehitt\u00e4miseen<\/li><li>Markkinointiin (vain suostumuksella)<\/li><\/ul><h2>4. Tietojen s\u00e4ilytysaika<\/h2><p>Tietoja s\u00e4ilytet\u00e4\u00e4n:<\/p><ul><li>Asiakassuhteen ajan<\/li><li>Kirjanpitolain mukaisesti laskutustietojen osalta<\/li><li>Markkinointilistalla, kunnes asiakas peruuttaa suostumuksensa<\/li><\/ul><h2>5. Tietojen luovutus<\/h2><p>Tietoja voidaan luovuttaa:<\/p><ul><li>Maksupalveluntarjoajille<\/li><li>Kirjanpitopalveluille<\/li><li>S\u00e4hk\u00f6postij\u00e4rjestelmille<\/li><li>Teknisen alustan palveluntarjoajille<\/li><li>Tietoja ei myyd\u00e4 ulkopuolisille<\/li><\/ul><h2>6. Rekister\u00f6idyn oikeudet<\/h2><p>Rekister\u00f6idyll\u00e4 on oikeus:<\/p><ul><li>Tarkastaa omat tietonsa<\/li><li>Pyyt\u00e4\u00e4 oikaisua<\/li><li>Pyyt\u00e4\u00e4 tietojen poistamista<\/li><li>Rajoittaa k\u00e4sittely\u00e4<\/li><li>Vastustaa k\u00e4sittely\u00e4<\/li><li>Peruuttaa markkinointisuostumus<\/li><li>Pyynn\u00f6t: <a href=\"mailto:valmennukset@fitforbetteryou.fi\" target=\"_blank\" rel=\"noopener noreferrer\" aria-haspopup=\"menu\">valmennukset@fitforbetteryou.fi<\/a><\/li><\/ul><h2>7. Tietoturva<\/h2><p>Henkil\u00f6tiedot s\u00e4ilytet\u00e4\u00e4n suojatuissa j\u00e4rjestelmiss\u00e4. P\u00e4\u00e4sy tietoihin on rajattu vain niille henkil\u00f6ille, joilla on ty\u00f6teht\u00e4vien perusteella siihen oikeus.<\/p>\t\t\t\t\t\t\t\t<\/div>\n\t\t\t\t\t<\/div>\n\t\t\t\t<\/div>\n\t\t\t\t<\/div>","protected":false},"excerpt":{"rendered":"<p>Tietosuojaseloste P\u00e4ivitetty: 26.2.2026 1. Rekisterinpit\u00e4j\u00e4 Fit4BetterYouY-tunnus: 3587827-8S\u00e4hk\u00f6posti: valmennukset@fitforbetteryou.fi 2. Ker\u00e4tt\u00e4v\u00e4t henkil\u00f6tiedot Ker\u00e4\u00e4mme seuraavia henkil\u00f6tietoja: Nimi S\u00e4hk\u00f6postiosoite Puhelinnumero (tarvittaessa) Laskutustiedot Maksutiedot (maksunv\u00e4litt\u00e4j\u00e4n kautta) Ostohistoria Valmennukseen liittyv\u00e4t tiedot (esim. tavoitteet, harjoittelutausta) Mahdolliset asiakkaan itse toimittamat terveystiedot (esim. paino, ruokavalio, treenidata) IP-osoite ja ev\u00e4steiden kautta ker\u00e4tt\u00e4v\u00e4t tekniset tiedot 3. Henkil\u00f6tietojen k\u00e4ytt\u00f6tarkoitus Tietoja k\u00e4ytet\u00e4\u00e4n: Valmennuspalveluiden toteuttamiseen Asiakassuhteen hoitoon Laskutukseen [&hellip;]<\/p>\n","protected":false},"author":1,"featured_media":0,"parent":0,"menu_order":0,"comment_status":"closed","ping_status":"closed","template":"elementor_header_footer","meta":{"_acf_changed":false,"_gspb_post_css":"","content-type":"","footnotes":""},"class_list":["post-1572","page","type-page","status-publish","hentry"],"blocksy_meta":[],"acf":[],"jetpack_sharing_enabled":true,"_links":{"self":[{"href":"https:\/\/fitforbetteryou.fi\/en\/wp-json\/wp\/v2\/pages\/1572","targetHints":{"allow":["GET"]}}],"collection":[{"href":"https:\/\/fitforbetteryou.fi\/en\/wp-json\/wp\/v2\/pages"}],"about":[{"href":"https:\/\/fitforbetteryou.fi\/en\/wp-json\/wp\/v2\/types\/page"}],"author":[{"embeddable":true,"href":"https:\/\/fitforbetteryou.fi\/en\/wp-json\/wp\/v2\/users\/1"}],"replies":[{"embeddable":true,"href":"https:\/\/fitforbetteryou.fi\/en\/wp-json\/wp\/v2\/comments?post=1572"}],"version-history":[{"count":13,"href":"https:\/\/fitforbetteryou.fi\/en\/wp-json\/wp\/v2\/pages\/1572\/revisions"}],"predecessor-version":[{"id":1620,"href":"https:\/\/fitforbetteryou.fi\/en\/wp-json\/wp\/v2\/pages\/1572\/revisions\/1620"}],"wp:attachment":[{"href":"https:\/\/fitforbetteryou.fi\/en\/wp-json\/wp\/v2\/media?parent=1572"}],"curies":[{"name":"wp","href":"https:\/\/api.w.org\/{rel}","templated":true}]}}