{"id":1074,"date":"2026-01-16T08:32:53","date_gmt":"2026-01-16T08:32:53","guid":{"rendered":"https:\/\/fitforbetteryou.fi\/?page_id=1074"},"modified":"2026-02-27T10:41:12","modified_gmt":"2026-02-27T10:41:12","slug":"toimitus-ja-peruutusehdot","status":"publish","type":"page","link":"https:\/\/fitforbetteryou.fi\/en\/toimitus-ja-peruutusehdot\/","title":{"rendered":"Delivery and Cancellation Terms"},"content":{"rendered":"<div data-elementor-type=\"wp-page\" data-elementor-id=\"1074\" class=\"elementor elementor-1074\" data-elementor-post-type=\"page\">\n\t\t\t\t<div class=\"elementor-element elementor-element-7f72a40 e-flex e-con-boxed e-con e-parent\" data-id=\"7f72a40\" data-element_type=\"container\" data-e-type=\"container\" data-settings=\"{&quot;background_background&quot;:&quot;classic&quot;}\">\n\t\t\t\t\t<div class=\"e-con-inner\">\n\t\t\t\t<div class=\"elementor-element elementor-element-71fec42 elementor-widget elementor-widget-heading\" data-id=\"71fec42\" data-element_type=\"widget\" data-e-type=\"widget\" data-widget_type=\"heading.default\">\n\t\t\t\t\t<h1 class=\"elementor-heading-title elementor-size-default\">Delivery and Cancellation Terms<\/h1>\t\t\t\t<\/div>\n\t\t<div class=\"elementor-element elementor-element-0f4fbe0 e-con-full e-flex e-con e-child\" data-id=\"0f4fbe0\" data-element_type=\"container\" data-e-type=\"container\">\n\t\t\t\t<\/div>\n\t\t\t\t\t<\/div>\n\t\t\t\t<\/div>\n\t\t<div class=\"elementor-element elementor-element-f2f8eb2 e-flex e-con-boxed e-con e-parent\" data-id=\"f2f8eb2\" data-element_type=\"container\" data-e-type=\"container\" data-settings=\"{&quot;background_background&quot;:&quot;classic&quot;}\">\n\t\t\t\t\t<div class=\"e-con-inner\">\n\t\t\t\t<div class=\"elementor-element elementor-element-be81c93 elementor-widget elementor-widget-text-editor\" data-id=\"be81c93\" data-element_type=\"widget\" data-e-type=\"widget\" data-widget_type=\"text-editor.default\">\n\t\t\t\t\t\t\t\t\t<h2>Toimitusehdot (digitaaliset valmennukset)<\/h2><h3>Toimitustapa<\/h3><p>Valmennukset ja digitaaliset tuotteet toimitetaan s\u00e4hk\u00f6isesti. Asiakas saa p\u00e4\u00e4syn sis\u00e4lt\u00f6ihin tilauksen ja maksun vahvistamisen j\u00e4lkeen joko s\u00e4hk\u00f6postitse tai kirjautumalla verkkokaupan tai valmennusalustan k\u00e4ytt\u00e4j\u00e4tilille.<\/p><h3>Toimitusaika<\/h3><p>Digitaalinen sis\u00e4lt\u00f6 toimitetaan v\u00e4litt\u00f6m\u00e4sti maksun hyv\u00e4ksymisen j\u00e4lkeen, ellei tuotekohtaisesti toisin ilmoiteta.<\/p><h3>Tekniset vaatimukset<\/h3><p>Asiakas vastaa siit\u00e4, ett\u00e4 h\u00e4nell\u00e4 on k\u00e4yt\u00f6ss\u00e4\u00e4n digitaalisen sis\u00e4ll\u00f6n k\u00e4ytt\u00e4miseen tarvittavat laitteet, ohjelmistot ja toimiva internetyhteys.<\/p><h3>K\u00e4ytt\u00f6oikeus<\/h3><p>Digitaaliset valmennukset ja materiaalit on tarkoitettu henkil\u00f6kohtaiseen k\u00e4ytt\u00f6\u00f6n. Sis\u00e4lt\u00f6jen jakaminen, kopiointi, tallentaminen tai j\u00e4lleenmyynti ilman erillist\u00e4 lupaa on kielletty.<\/p><h2>Peruutus- ja palautusehdot<\/h2><h3>Peruutusoikeus<\/h3><p>Kuluttajansuojalain mukainen 14 p\u00e4iv\u00e4n peruutusoikeus ei koske digitaalisia sis\u00e4lt\u00f6j\u00e4, jotka toimitetaan s\u00e4hk\u00f6isesti, jos toimitus on aloitettu kuluttajan nimenomaisella suostumuksella ja<br \/>kuluttajalle on ilmoitettu peruutusoikeuden raukeamisesta.<\/p><h3>Suostumus digitaalisen sis\u00e4ll\u00f6n toimittamiseen<\/h3><p>Asiakas hyv\u00e4ksyy tilauksen yhteydess\u00e4, ett\u00e4 digitaalisen sis\u00e4ll\u00f6n toimitus alkaa v\u00e4litt\u00f6m\u00e4sti maksun j\u00e4lkeen ja ett\u00e4 peruutusoikeus raukeaa toimituksen alettua.<\/p><h3>Palautukset ja hyvitykset<\/h3><p>Digitaalisilla valmennuksilla ja tuotteilla ei ole vaihto- eik\u00e4 palautusoikeutta sen j\u00e4lkeen, kun toimitus on alkanut.<\/p><h3>Virhetilanteet<\/h3><p>Mik\u00e4li digitaalista sis\u00e4lt\u00f6\u00e4 ei toimiteta tai se on teknisesti virheellinen, asiakkaalla on oikeus vaatia virheen korjaamista tai hinnan palautusta tapauskohtaisesti.<\/p>\t\t\t\t\t\t\t\t<\/div>\n\t\t\t\t\t<\/div>\n\t\t\t\t<\/div>\n\t\t\t\t<\/div>","protected":false},"excerpt":{"rendered":"<p>Toimitus- ja peruutusehdot Toimitusehdot (digitaaliset valmennukset) Toimitustapa Valmennukset ja digitaaliset tuotteet toimitetaan s\u00e4hk\u00f6isesti. Asiakas saa p\u00e4\u00e4syn sis\u00e4lt\u00f6ihin tilauksen ja maksun vahvistamisen j\u00e4lkeen joko s\u00e4hk\u00f6postitse tai kirjautumalla verkkokaupan tai valmennusalustan k\u00e4ytt\u00e4j\u00e4tilille. Toimitusaika Digitaalinen sis\u00e4lt\u00f6 toimitetaan v\u00e4litt\u00f6m\u00e4sti maksun hyv\u00e4ksymisen j\u00e4lkeen, ellei tuotekohtaisesti toisin ilmoiteta. Tekniset vaatimukset Asiakas vastaa siit\u00e4, ett\u00e4 h\u00e4nell\u00e4 on k\u00e4yt\u00f6ss\u00e4\u00e4n digitaalisen sis\u00e4ll\u00f6n k\u00e4ytt\u00e4miseen tarvittavat [&hellip;]<\/p>\n","protected":false},"author":1,"featured_media":0,"parent":0,"menu_order":0,"comment_status":"closed","ping_status":"closed","template":"elementor_header_footer","meta":{"_acf_changed":false,"_gspb_post_css":"","content-type":"","footnotes":""},"class_list":["post-1074","page","type-page","status-publish","hentry"],"blocksy_meta":[],"acf":[],"jetpack_sharing_enabled":true,"_links":{"self":[{"href":"https:\/\/fitforbetteryou.fi\/en\/wp-json\/wp\/v2\/pages\/1074","targetHints":{"allow":["GET"]}}],"collection":[{"href":"https:\/\/fitforbetteryou.fi\/en\/wp-json\/wp\/v2\/pages"}],"about":[{"href":"https:\/\/fitforbetteryou.fi\/en\/wp-json\/wp\/v2\/types\/page"}],"author":[{"embeddable":true,"href":"https:\/\/fitforbetteryou.fi\/en\/wp-json\/wp\/v2\/users\/1"}],"replies":[{"embeddable":true,"href":"https:\/\/fitforbetteryou.fi\/en\/wp-json\/wp\/v2\/comments?post=1074"}],"version-history":[{"count":13,"href":"https:\/\/fitforbetteryou.fi\/en\/wp-json\/wp\/v2\/pages\/1074\/revisions"}],"predecessor-version":[{"id":1623,"href":"https:\/\/fitforbetteryou.fi\/en\/wp-json\/wp\/v2\/pages\/1074\/revisions\/1623"}],"wp:attachment":[{"href":"https:\/\/fitforbetteryou.fi\/en\/wp-json\/wp\/v2\/media?parent=1074"}],"curies":[{"name":"wp","href":"https:\/\/api.w.org\/{rel}","templated":true}]}}